{"id":1831,"date":"2022-10-18T09:47:12","date_gmt":"2022-10-18T07:47:12","guid":{"rendered":"https:\/\/www.wachterkriszti.hu\/?page_id=1831"},"modified":"2022-10-18T09:47:42","modified_gmt":"2022-10-18T07:47:42","slug":"sikeres-feliratkozas-5000","status":"publish","type":"page","link":"https:\/\/www.wachterkriszti.hu\/de\/sikeres-feliratkozas-5000\/","title":{"rendered":"Sikeres feliratkoz\u00e1s &#8211; 2022.11.30"},"content":{"rendered":"<div data-elementor-type=\"wp-page\" data-elementor-id=\"1831\" class=\"elementor elementor-1831\" data-elementor-post-type=\"page\">\n\t\t\t\t\t\t<section class=\"elementor-section elementor-top-section elementor-element elementor-element-fddfb05 elementor-section-boxed elementor-section-height-default elementor-section-height-default\" data-id=\"fddfb05\" data-element_type=\"section\" data-e-type=\"section\" data-settings=\"{&quot;background_background&quot;:&quot;classic&quot;,&quot;jet_parallax_layout_list&quot;:[]}\">\n\t\t\t\t\t\t<div class=\"elementor-container elementor-column-gap-default\">\n\t\t\t\t\t<div class=\"elementor-column elementor-col-100 elementor-top-column elementor-element elementor-element-0f51cd2\" data-id=\"0f51cd2\" data-element_type=\"column\" data-e-type=\"column\" data-settings=\"{&quot;background_background&quot;:&quot;classic&quot;}\">\n\t\t\t<div class=\"elementor-widget-wrap elementor-element-populated\">\n\t\t\t\t\t\t<div class=\"elementor-element elementor-element-0192578 elementor-widget elementor-widget-heading\" data-id=\"0192578\" data-element_type=\"widget\" data-e-type=\"widget\" data-widget_type=\"heading.default\">\n\t\t\t\t<div class=\"elementor-widget-container\">\n\t\t\t\t\t<h2 class=\"elementor-heading-title elementor-size-default\">SIKERES FELIRATKOZ\u00c1S!<\/h2>\t\t\t\t<\/div>\n\t\t\t\t<\/div>\n\t\t\t\t\t<\/div>\n\t\t<\/div>\n\t\t\t\t\t<\/div>\n\t\t<\/section>\n\t\t\t\t<section class=\"elementor-section elementor-top-section elementor-element elementor-element-0714db9 elementor-section-boxed elementor-section-height-default elementor-section-height-default\" data-id=\"0714db9\" data-element_type=\"section\" data-e-type=\"section\" data-settings=\"{&quot;jet_parallax_layout_list&quot;:[]}\">\n\t\t\t\t\t\t<div class=\"elementor-container elementor-column-gap-default\">\n\t\t\t\t\t<div class=\"elementor-column elementor-col-100 elementor-top-column elementor-element elementor-element-79d9fd1\" data-id=\"79d9fd1\" data-element_type=\"column\" data-e-type=\"column\">\n\t\t\t<div class=\"elementor-widget-wrap elementor-element-populated\">\n\t\t\t\t\t\t<div class=\"elementor-element elementor-element-3deed59 elementor-widget elementor-widget-text-editor\" data-id=\"3deed59\" data-element_type=\"widget\" data-e-type=\"widget\" data-widget_type=\"text-editor.default\">\n\t\t\t\t<div class=\"elementor-widget-container\">\n\t\t\t\t\t\t\t\t\t<p>K\u00f6sz\u00f6n\u00f6m, hogy feliratkozt\u00e1l a h\u00edrlevelemre!<br \/>A megadott e-mailre kik\u00fcld\u00e9sre ker\u00fclt a visszaigazol\u00e1s, k\u00e9rlek ellen\u0151rizd a SPAM\/PROM\u00d3CI\u00d3K mapp\u00e1t is. Ha oda ker\u00fclt a levelem, tedd \u00e1t a be\u00e9rkez\u0151k k\u00f6z\u00e9, \u00edgy a k\u00e9s\u0151bbiekben biztosan els\u0151 k\u00f6z\u00f6tt fogsz \u00e9rtes\u00fclni a leg\u00fajabb akci\u00f3imr\u00f3l!<\/p>\t\t\t\t\t\t\t\t<\/div>\n\t\t\t\t<\/div>\n\t\t\t\t<div class=\"elementor-element elementor-element-b826177 elementor-tablet-align-center elementor-align-center elementor-widget elementor-widget-button\" data-id=\"b826177\" data-element_type=\"widget\" data-e-type=\"widget\" data-widget_type=\"button.default\">\n\t\t\t\t<div class=\"elementor-widget-container\">\n\t\t\t\t\t\t\t\t\t<div class=\"elementor-button-wrapper\">\n\t\t\t\t\t<a class=\"elementor-button elementor-button-link elementor-size-sm\" href=\"https:\/\/www.wachterkriszti.hu\/de\/\">\n\t\t\t\t\t\t<span class=\"elementor-button-content-wrapper\">\n\t\t\t\t\t\t\t\t\t<span class=\"elementor-button-text\">IR\u00c1NY A F\u0150OLDAL<\/span>\n\t\t\t\t\t<\/span>\n\t\t\t\t\t<\/a>\n\t\t\t\t<\/div>\n\t\t\t\t\t\t\t\t<\/div>\n\t\t\t\t<\/div>\n\t\t\t\t\t<\/div>\n\t\t<\/div>\n\t\t\t\t\t<\/div>\n\t\t<\/section>\n\t\t\t\t<\/div>","protected":false},"excerpt":{"rendered":"<p>SIKERES FELIRATKOZ\u00c1S! K\u00f6sz\u00f6n\u00f6m, hogy feliratkozt\u00e1l a h\u00edrlevelemre!A megadott e-mailre kik\u00fcld\u00e9sre ker\u00fclt a visszaigazol\u00e1s, k\u00e9rlek ellen\u0151rizd a SPAM\/PROM\u00d3CI\u00d3K mapp\u00e1t is. Ha oda ker\u00fclt a levelem, tedd \u00e1t a be\u00e9rkez\u0151k k\u00f6z\u00e9, \u00edgy a k\u00e9s\u0151bbiekben biztosan els\u0151 k\u00f6z\u00f6tt fogsz \u00e9rtes\u00fclni a leg\u00fajabb akci\u00f3imr\u00f3l! IR\u00c1NY A F\u0150OLDAL<\/p>","protected":false},"author":2,"featured_media":0,"parent":0,"menu_order":0,"comment_status":"closed","ping_status":"closed","template":"elementor_header_footer","meta":{"footnotes":""},"class_list":["post-1831","page","type-page","status-publish","hentry"],"yoast_head":"<!-- This site is optimized with the Yoast SEO Premium plugin v27.3 (Yoast SEO v27.3) - https:\/\/yoast.com\/product\/yoast-seo-premium-wordpress\/ -->\n<title>Sikeres feliratkoz\u00e1s - 2022.11.30 - W\u00e4chter Krisztina - sminktetov\u00e1l\u00f3<\/title>\n<meta name=\"robots\" content=\"index, follow, max-snippet:-1, max-image-preview:large, max-video-preview:-1\" \/>\n<link rel=\"canonical\" href=\"https:\/\/www.wachterkriszti.hu\/de\/sikeres-feliratkozas-5000\/\" \/>\n<meta property=\"og:locale\" content=\"de_DE\" \/>\n<meta property=\"og:type\" content=\"article\" \/>\n<meta property=\"og:title\" content=\"Sikeres feliratkoz\u00e1s - 2022.11.30\" \/>\n<meta property=\"og:description\" content=\"SIKERES FELIRATKOZ\u00c1S! K\u00f6sz\u00f6n\u00f6m, hogy feliratkozt\u00e1l a h\u00edrlevelemre!A megadott e-mailre kik\u00fcld\u00e9sre ker\u00fclt a visszaigazol\u00e1s, k\u00e9rlek ellen\u0151rizd a SPAM\/PROM\u00d3CI\u00d3K mapp\u00e1t is. Ha oda ker\u00fclt a levelem, tedd \u00e1t a be\u00e9rkez\u0151k k\u00f6z\u00e9, \u00edgy a k\u00e9s\u0151bbiekben biztosan els\u0151 k\u00f6z\u00f6tt fogsz \u00e9rtes\u00fclni a leg\u00fajabb akci\u00f3imr\u00f3l! IR\u00c1NY A F\u0150OLDAL\" \/>\n<meta property=\"og:url\" content=\"https:\/\/www.wachterkriszti.hu\/de\/sikeres-feliratkozas-5000\/\" \/>\n<meta property=\"og:site_name\" content=\"W\u00e4chter Krisztina - sminktetov\u00e1l\u00f3\" \/>\n<meta property=\"article:modified_time\" content=\"2022-10-18T07:47:42+00:00\" \/>\n<meta name=\"twitter:card\" content=\"summary_large_image\" \/>\n<meta name=\"twitter:label1\" content=\"Gesch\u00e4tzte Lesezeit\" \/>\n\t<meta name=\"twitter:data1\" content=\"1\u00a0Minute\" \/>\n<script type=\"application\/ld+json\" class=\"yoast-schema-graph\">{\"@context\":\"https:\\\/\\\/schema.org\",\"@graph\":[{\"@type\":\"WebPage\",\"@id\":\"https:\\\/\\\/www.wachterkriszti.hu\\\/sikeres-feliratkozas-5000\\\/\",\"url\":\"https:\\\/\\\/www.wachterkriszti.hu\\\/sikeres-feliratkozas-5000\\\/\",\"name\":\"Sikeres feliratkoz\u00e1s - 2022.11.30 - W\u00e4chter Krisztina - sminktetov\u00e1l\u00f3\",\"isPartOf\":{\"@id\":\"https:\\\/\\\/www.wachterkriszti.hu\\\/#website\"},\"datePublished\":\"2022-10-18T07:47:12+00:00\",\"dateModified\":\"2022-10-18T07:47:42+00:00\",\"breadcrumb\":{\"@id\":\"https:\\\/\\\/www.wachterkriszti.hu\\\/sikeres-feliratkozas-5000\\\/#breadcrumb\"},\"inLanguage\":\"de\",\"potentialAction\":[{\"@type\":\"ReadAction\",\"target\":[\"https:\\\/\\\/www.wachterkriszti.hu\\\/sikeres-feliratkozas-5000\\\/\"]}]},{\"@type\":\"BreadcrumbList\",\"@id\":\"https:\\\/\\\/www.wachterkriszti.hu\\\/sikeres-feliratkozas-5000\\\/#breadcrumb\",\"itemListElement\":[{\"@type\":\"ListItem\",\"position\":1,\"name\":\"Home\",\"item\":\"https:\\\/\\\/www.wachterkriszti.hu\\\/\"},{\"@type\":\"ListItem\",\"position\":2,\"name\":\"Sikeres feliratkoz\u00e1s &#8211; 2022.11.30\"}]},{\"@type\":\"WebSite\",\"@id\":\"https:\\\/\\\/www.wachterkriszti.hu\\\/#website\",\"url\":\"https:\\\/\\\/www.wachterkriszti.hu\\\/\",\"name\":\"W\u00e4chter Krisztina - sminktetov\u00e1l\u00f3\",\"description\":\"Professzion\u00e1lis sminktetov\u00e1l\u00e1s K\u0151szegen, okleveles sminktetov\u00e1l\u00f3t\u00f3l\",\"publisher\":{\"@id\":\"https:\\\/\\\/www.wachterkriszti.hu\\\/#\\\/schema\\\/person\\\/d94e72fdc9219942194ff84cc7ca2b96\"},\"alternateName\":\"Sminktetov\u00e1l\u00e1s K\u0151szeg\",\"potentialAction\":[{\"@type\":\"SearchAction\",\"target\":{\"@type\":\"EntryPoint\",\"urlTemplate\":\"https:\\\/\\\/www.wachterkriszti.hu\\\/?s={search_term_string}\"},\"query-input\":{\"@type\":\"PropertyValueSpecification\",\"valueRequired\":true,\"valueName\":\"search_term_string\"}}],\"inLanguage\":\"de\"},{\"@type\":[\"Person\",\"Organization\"],\"@id\":\"https:\\\/\\\/www.wachterkriszti.hu\\\/#\\\/schema\\\/person\\\/d94e72fdc9219942194ff84cc7ca2b96\",\"name\":\"W\u00e4chter Krisztina\",\"image\":{\"@type\":\"ImageObject\",\"inLanguage\":\"de\",\"@id\":\"https:\\\/\\\/www.wachterkriszti.hu\\\/wp-content\\\/uploads\\\/2022\\\/05\\\/cropped-cropped-logo_fekvo_1.png\",\"url\":\"https:\\\/\\\/www.wachterkriszti.hu\\\/wp-content\\\/uploads\\\/2022\\\/05\\\/cropped-cropped-logo_fekvo_1.png\",\"contentUrl\":\"https:\\\/\\\/www.wachterkriszti.hu\\\/wp-content\\\/uploads\\\/2022\\\/05\\\/cropped-cropped-logo_fekvo_1.png\",\"width\":512,\"height\":512,\"caption\":\"W\u00e4chter Krisztina\"},\"logo\":{\"@id\":\"https:\\\/\\\/www.wachterkriszti.hu\\\/wp-content\\\/uploads\\\/2022\\\/05\\\/cropped-cropped-logo_fekvo_1.png\"}}]}<\/script>\n<!-- \/ Yoast SEO Premium plugin. -->","yoast_head_json":{"title":"Sikeres feliratkoz\u00e1s - 2022.11.30 - W\u00e4chter Krisztina - sminktetov\u00e1l\u00f3","robots":{"index":"index","follow":"follow","max-snippet":"max-snippet:-1","max-image-preview":"max-image-preview:large","max-video-preview":"max-video-preview:-1"},"canonical":"https:\/\/www.wachterkriszti.hu\/de\/sikeres-feliratkozas-5000\/","og_locale":"de_DE","og_type":"article","og_title":"Sikeres feliratkoz\u00e1s - 2022.11.30","og_description":"SIKERES FELIRATKOZ\u00c1S! K\u00f6sz\u00f6n\u00f6m, hogy feliratkozt\u00e1l a h\u00edrlevelemre!A megadott e-mailre kik\u00fcld\u00e9sre ker\u00fclt a visszaigazol\u00e1s, k\u00e9rlek ellen\u0151rizd a SPAM\/PROM\u00d3CI\u00d3K mapp\u00e1t is. Ha oda ker\u00fclt a levelem, tedd \u00e1t a be\u00e9rkez\u0151k k\u00f6z\u00e9, \u00edgy a k\u00e9s\u0151bbiekben biztosan els\u0151 k\u00f6z\u00f6tt fogsz \u00e9rtes\u00fclni a leg\u00fajabb akci\u00f3imr\u00f3l! IR\u00c1NY A F\u0150OLDAL","og_url":"https:\/\/www.wachterkriszti.hu\/de\/sikeres-feliratkozas-5000\/","og_site_name":"W\u00e4chter Krisztina - sminktetov\u00e1l\u00f3","article_modified_time":"2022-10-18T07:47:42+00:00","twitter_card":"summary_large_image","twitter_misc":{"Gesch\u00e4tzte Lesezeit":"1\u00a0Minute"},"schema":{"@context":"https:\/\/schema.org","@graph":[{"@type":"WebPage","@id":"https:\/\/www.wachterkriszti.hu\/sikeres-feliratkozas-5000\/","url":"https:\/\/www.wachterkriszti.hu\/sikeres-feliratkozas-5000\/","name":"Sikeres feliratkoz\u00e1s - 2022.11.30 - W\u00e4chter Krisztina - sminktetov\u00e1l\u00f3","isPartOf":{"@id":"https:\/\/www.wachterkriszti.hu\/#website"},"datePublished":"2022-10-18T07:47:12+00:00","dateModified":"2022-10-18T07:47:42+00:00","breadcrumb":{"@id":"https:\/\/www.wachterkriszti.hu\/sikeres-feliratkozas-5000\/#breadcrumb"},"inLanguage":"de","potentialAction":[{"@type":"ReadAction","target":["https:\/\/www.wachterkriszti.hu\/sikeres-feliratkozas-5000\/"]}]},{"@type":"BreadcrumbList","@id":"https:\/\/www.wachterkriszti.hu\/sikeres-feliratkozas-5000\/#breadcrumb","itemListElement":[{"@type":"ListItem","position":1,"name":"Home","item":"https:\/\/www.wachterkriszti.hu\/"},{"@type":"ListItem","position":2,"name":"Sikeres feliratkoz\u00e1s &#8211; 2022.11.30"}]},{"@type":"WebSite","@id":"https:\/\/www.wachterkriszti.hu\/#website","url":"https:\/\/www.wachterkriszti.hu\/","name":"Krisztina W\u00e4chter - Schminke Tattoo","description":"Professionelles Make-up-Tattoo in K\u0151szeg, von einem zertifizierten Make-up-T\u00e4towierer","publisher":{"@id":"https:\/\/www.wachterkriszti.hu\/#\/schema\/person\/d94e72fdc9219942194ff84cc7ca2b96"},"alternateName":"Sminktetov\u00e1l\u00e1s K\u0151szeg","potentialAction":[{"@type":"SearchAction","target":{"@type":"EntryPoint","urlTemplate":"https:\/\/www.wachterkriszti.hu\/?s={search_term_string}"},"query-input":{"@type":"PropertyValueSpecification","valueRequired":true,"valueName":"search_term_string"}}],"inLanguage":"de"},{"@type":["Person","Organization"],"@id":"https:\/\/www.wachterkriszti.hu\/#\/schema\/person\/d94e72fdc9219942194ff84cc7ca2b96","name":"Krisztina W\u00e4chter","image":{"@type":"ImageObject","inLanguage":"de","@id":"https:\/\/www.wachterkriszti.hu\/wp-content\/uploads\/2022\/05\/cropped-cropped-logo_fekvo_1.png","url":"https:\/\/www.wachterkriszti.hu\/wp-content\/uploads\/2022\/05\/cropped-cropped-logo_fekvo_1.png","contentUrl":"https:\/\/www.wachterkriszti.hu\/wp-content\/uploads\/2022\/05\/cropped-cropped-logo_fekvo_1.png","width":512,"height":512,"caption":"W\u00e4chter Krisztina"},"logo":{"@id":"https:\/\/www.wachterkriszti.hu\/wp-content\/uploads\/2022\/05\/cropped-cropped-logo_fekvo_1.png"}}]}},"_links":{"self":[{"href":"https:\/\/www.wachterkriszti.hu\/de\/wp-json\/wp\/v2\/pages\/1831","targetHints":{"allow":["GET"]}}],"collection":[{"href":"https:\/\/www.wachterkriszti.hu\/de\/wp-json\/wp\/v2\/pages"}],"about":[{"href":"https:\/\/www.wachterkriszti.hu\/de\/wp-json\/wp\/v2\/types\/page"}],"author":[{"embeddable":true,"href":"https:\/\/www.wachterkriszti.hu\/de\/wp-json\/wp\/v2\/users\/2"}],"replies":[{"embeddable":true,"href":"https:\/\/www.wachterkriszti.hu\/de\/wp-json\/wp\/v2\/comments?post=1831"}],"version-history":[{"count":4,"href":"https:\/\/www.wachterkriszti.hu\/de\/wp-json\/wp\/v2\/pages\/1831\/revisions"}],"predecessor-version":[{"id":1835,"href":"https:\/\/www.wachterkriszti.hu\/de\/wp-json\/wp\/v2\/pages\/1831\/revisions\/1835"}],"wp:attachment":[{"href":"https:\/\/www.wachterkriszti.hu\/de\/wp-json\/wp\/v2\/media?parent=1831"}],"curies":[{"name":"wp","href":"https:\/\/api.w.org\/{rel}","templated":true}]}}