{"id":1779,"date":"2022-10-07T12:57:32","date_gmt":"2022-10-07T10:57:32","guid":{"rendered":"https:\/\/www.wachterkriszti.hu\/?page_id=1779"},"modified":"2022-11-08T09:41:44","modified_gmt":"2022-11-08T08:41:44","slug":"hirlevel-feliratkozas","status":"publish","type":"page","link":"https:\/\/www.wachterkriszti.hu\/de\/hirlevel-feliratkozas\/","title":{"rendered":"Newsletter-Abonnement"},"content":{"rendered":"\t\t<div data-elementor-type=\"wp-page\" data-elementor-id=\"1779\" class=\"elementor elementor-1779\" data-elementor-post-type=\"page\">\n\t\t\t\t\t\t<section class=\"elementor-section elementor-top-section elementor-element elementor-element-f578629 elementor-section-boxed elementor-section-height-default elementor-section-height-default\" data-id=\"f578629\" data-element_type=\"section\" data-e-type=\"section\" data-settings=\"{&quot;background_background&quot;:&quot;classic&quot;,&quot;jet_parallax_layout_list&quot;:[]}\">\n\t\t\t\t\t\t<div class=\"elementor-container elementor-column-gap-default\">\n\t\t\t\t\t<div class=\"elementor-column elementor-col-100 elementor-top-column elementor-element elementor-element-71b16e1\" data-id=\"71b16e1\" data-element_type=\"column\" data-e-type=\"column\" data-settings=\"{&quot;background_background&quot;:&quot;classic&quot;}\">\n\t\t\t<div class=\"elementor-widget-wrap elementor-element-populated\">\n\t\t\t\t\t\t<div class=\"elementor-element elementor-element-650d93a elementor-widget elementor-widget-heading\" data-id=\"650d93a\" data-element_type=\"widget\" data-e-type=\"widget\" data-widget_type=\"heading.default\">\n\t\t\t\t<div class=\"elementor-widget-container\">\n\t\t\t\t\t<h2 class=\"elementor-heading-title elementor-size-default\">H\u00edrlev\u00e9l feliratkoz\u00e1s<\/h2>\t\t\t\t<\/div>\n\t\t\t\t<\/div>\n\t\t\t\t\t<\/div>\n\t\t<\/div>\n\t\t\t\t\t<\/div>\n\t\t<\/section>\n\t\t\t\t<section class=\"elementor-section elementor-top-section elementor-element elementor-element-a3e3634 elementor-section-boxed elementor-section-height-default elementor-section-height-default\" data-id=\"a3e3634\" data-element_type=\"section\" data-e-type=\"section\" data-settings=\"{&quot;jet_parallax_layout_list&quot;:[]}\">\n\t\t\t\t\t\t<div class=\"elementor-container elementor-column-gap-default\">\n\t\t\t\t\t<div class=\"elementor-column elementor-col-100 elementor-top-column elementor-element elementor-element-3199e7c\" data-id=\"3199e7c\" data-element_type=\"column\" data-e-type=\"column\">\n\t\t\t<div class=\"elementor-widget-wrap elementor-element-populated\">\n\t\t\t\t\t\t<div class=\"elementor-element elementor-element-f2b0abb elementor-button-align-stretch elementor-widget elementor-widget-form\" data-id=\"f2b0abb\" data-element_type=\"widget\" data-e-type=\"widget\" data-settings=\"{&quot;step_next_label&quot;:&quot;Next&quot;,&quot;step_previous_label&quot;:&quot;Previous&quot;,&quot;button_width&quot;:&quot;100&quot;,&quot;step_type&quot;:&quot;number_text&quot;,&quot;step_icon_shape&quot;:&quot;circle&quot;}\" data-widget_type=\"form.default\">\n\t\t\t\t<div class=\"elementor-widget-container\">\n\t\t\t\t\t\t\t<form class=\"elementor-form\" method=\"post\" id=\"notific\" name=\"hirlevel\" aria-label=\"hirlevel\">\n\t\t\t<input type=\"hidden\" name=\"post_id\" value=\"1779\"\/>\n\t\t\t<input type=\"hidden\" name=\"form_id\" value=\"f2b0abb\"\/>\n\t\t\t<input type=\"hidden\" name=\"referer_title\" value=\"H\u00edrlev\u00e9l feliratkoz\u00e1s - W\u00e4chter Krisztina - sminktetov\u00e1l\u00f3\" \/>\n\n\t\t\t\t\t\t\t<input type=\"hidden\" name=\"queried_id\" value=\"1779\"\/>\n\t\t\t\n\t\t\t<div class=\"elementor-form-fields-wrapper elementor-labels-\">\n\t\t\t\t\t\t\t\t<div class=\"elementor-field-type-text elementor-field-group elementor-column elementor-field-group-name elementor-col-50\">\n\t\t\t\t\t\t\t\t\t\t\t\t<label for=\"form-field-name\" class=\"elementor-field-label elementor-screen-only\">\n\t\t\t\t\t\t\t\tN\u00e9v\t\t\t\t\t\t\t<\/label>\n\t\t\t\t\t\t\t\t\t\t\t\t\t\t<input size=\"1\" type=\"text\" name=\"form_fields[name]\" id=\"form-field-name\" class=\"elementor-field elementor-size-sm  elementor-field-textual\" placeholder=\"N\u00e9v\">\n\t\t\t\t\t\t\t\t\t\t\t<\/div>\n\t\t\t\t\t\t\t\t<div class=\"elementor-field-type-email elementor-field-group elementor-column elementor-field-group-email elementor-col-50 elementor-field-required\">\n\t\t\t\t\t\t\t\t\t\t\t\t<label for=\"form-field-email\" class=\"elementor-field-label elementor-screen-only\">\n\t\t\t\t\t\t\t\tE-mail\t\t\t\t\t\t\t<\/label>\n\t\t\t\t\t\t\t\t\t\t\t\t\t\t<input size=\"1\" type=\"email\" name=\"form_fields[email]\" id=\"form-field-email\" class=\"elementor-field elementor-size-sm  elementor-field-textual\" placeholder=\"E-mail\" required=\"required\">\n\t\t\t\t\t\t\t\t\t\t\t<\/div>\n\t\t\t\t\t\t\t\t<div class=\"elementor-field-type-acceptance elementor-field-group elementor-column elementor-field-group-field_8a253be elementor-col-100 elementor-sm-100 elementor-field-required\">\n\t\t\t\t\t\t\t\t\t\t\t\t<label for=\"form-field-field_8a253be\" class=\"elementor-field-label elementor-screen-only\">\n\t\t\t\t\t\t\t\tAdatv\u00e9delem\t\t\t\t\t\t\t<\/label>\n\t\t\t\t\t\t\t\t<div class=\"elementor-field-subgroup\">\n\t\t\t<span class=\"elementor-field-option\">\n\t\t\t\t<input type=\"checkbox\" name=\"form_fields[field_8a253be]\" id=\"form-field-field_8a253be\" class=\"elementor-field elementor-size-sm  elementor-acceptance-field\" required=\"required\">\n\t\t\t\t<label for=\"form-field-field_8a253be\">Elfogadom az <a href=\"\/adatvedelem\" target=\"_blank\">Adatv\u00e9delmi nyilatkozat<\/a>ot.<\/label>\t\t\t<\/span>\n\t\t<\/div>\n\t\t\t\t\t\t<\/div>\n\t\t\t\t\t\t\t\t<div class=\"elementor-field-group elementor-column elementor-field-type-submit elementor-col-100 e-form__buttons\">\n\t\t\t\t\t<button class=\"elementor-button elementor-size-sm\" type=\"submit\">\n\t\t\t\t\t\t<span class=\"elementor-button-content-wrapper\">\n\t\t\t\t\t\t\t\t\t\t\t\t\t\t\t\t\t\t\t\t\t\t<span class=\"elementor-button-text\">FELIRATKOZ\u00c1S<\/span>\n\t\t\t\t\t\t\t\t\t\t\t\t\t<\/span>\n\t\t\t\t\t<\/button>\n\t\t\t\t<\/div>\n\t\t\t<\/div>\n\t\t<\/form>\n\t\t\t\t\t\t<\/div>\n\t\t\t\t<\/div>\n\t\t\t\t\t<\/div>\n\t\t<\/div>\n\t\t\t\t\t<\/div>\n\t\t<\/section>\n\t\t\t\t<\/div>\n\t\t","protected":false},"excerpt":{"rendered":"","protected":false},"author":2,"featured_media":0,"parent":0,"menu_order":0,"comment_status":"closed","ping_status":"closed","template":"elementor_header_footer","meta":{"footnotes":""},"class_list":["post-1779","page","type-page","status-publish","hentry"],"yoast_head":"<!-- This site is optimized with the Yoast SEO Premium plugin v27.3 (Yoast SEO v27.3) - https:\/\/yoast.com\/product\/yoast-seo-premium-wordpress\/ -->\n<title>H\u00edrlev\u00e9l feliratkoz\u00e1s - W\u00e4chter Krisztina - sminktetov\u00e1l\u00f3<\/title>\n<meta name=\"robots\" content=\"index, follow, max-snippet:-1, max-image-preview:large, max-video-preview:-1\" \/>\n<link rel=\"canonical\" href=\"https:\/\/www.wachterkriszti.hu\/de\/hirlevel-feliratkozas\/\" \/>\n<meta property=\"og:locale\" content=\"de_DE\" \/>\n<meta property=\"og:type\" content=\"article\" \/>\n<meta property=\"og:title\" content=\"H\u00edrlev\u00e9l feliratkoz\u00e1s\" \/>\n<meta property=\"og:url\" content=\"https:\/\/www.wachterkriszti.hu\/de\/hirlevel-feliratkozas\/\" \/>\n<meta property=\"og:site_name\" content=\"W\u00e4chter Krisztina - sminktetov\u00e1l\u00f3\" \/>\n<meta property=\"article:modified_time\" content=\"2022-11-08T08:41:44+00:00\" \/>\n<meta name=\"twitter:card\" content=\"summary_large_image\" \/>\n<meta name=\"twitter:label1\" content=\"Gesch\u00e4tzte Lesezeit\" \/>\n\t<meta name=\"twitter:data1\" content=\"1\u00a0Minute\" \/>\n<script type=\"application\/ld+json\" class=\"yoast-schema-graph\">{\"@context\":\"https:\\\/\\\/schema.org\",\"@graph\":[{\"@type\":\"WebPage\",\"@id\":\"https:\\\/\\\/www.wachterkriszti.hu\\\/hirlevel-feliratkozas\\\/\",\"url\":\"https:\\\/\\\/www.wachterkriszti.hu\\\/hirlevel-feliratkozas\\\/\",\"name\":\"H\u00edrlev\u00e9l feliratkoz\u00e1s - W\u00e4chter Krisztina - sminktetov\u00e1l\u00f3\",\"isPartOf\":{\"@id\":\"https:\\\/\\\/www.wachterkriszti.hu\\\/#website\"},\"datePublished\":\"2022-10-07T10:57:32+00:00\",\"dateModified\":\"2022-11-08T08:41:44+00:00\",\"breadcrumb\":{\"@id\":\"https:\\\/\\\/www.wachterkriszti.hu\\\/hirlevel-feliratkozas\\\/#breadcrumb\"},\"inLanguage\":\"de\",\"potentialAction\":[{\"@type\":\"ReadAction\",\"target\":[\"https:\\\/\\\/www.wachterkriszti.hu\\\/hirlevel-feliratkozas\\\/\"]}]},{\"@type\":\"BreadcrumbList\",\"@id\":\"https:\\\/\\\/www.wachterkriszti.hu\\\/hirlevel-feliratkozas\\\/#breadcrumb\",\"itemListElement\":[{\"@type\":\"ListItem\",\"position\":1,\"name\":\"Home\",\"item\":\"https:\\\/\\\/www.wachterkriszti.hu\\\/\"},{\"@type\":\"ListItem\",\"position\":2,\"name\":\"H\u00edrlev\u00e9l feliratkoz\u00e1s\"}]},{\"@type\":\"WebSite\",\"@id\":\"https:\\\/\\\/www.wachterkriszti.hu\\\/#website\",\"url\":\"https:\\\/\\\/www.wachterkriszti.hu\\\/\",\"name\":\"W\u00e4chter Krisztina - sminktetov\u00e1l\u00f3\",\"description\":\"Professzion\u00e1lis sminktetov\u00e1l\u00e1s K\u0151szegen, okleveles sminktetov\u00e1l\u00f3t\u00f3l\",\"publisher\":{\"@id\":\"https:\\\/\\\/www.wachterkriszti.hu\\\/#\\\/schema\\\/person\\\/d94e72fdc9219942194ff84cc7ca2b96\"},\"alternateName\":\"Sminktetov\u00e1l\u00e1s K\u0151szeg\",\"potentialAction\":[{\"@type\":\"SearchAction\",\"target\":{\"@type\":\"EntryPoint\",\"urlTemplate\":\"https:\\\/\\\/www.wachterkriszti.hu\\\/?s={search_term_string}\"},\"query-input\":{\"@type\":\"PropertyValueSpecification\",\"valueRequired\":true,\"valueName\":\"search_term_string\"}}],\"inLanguage\":\"de\"},{\"@type\":[\"Person\",\"Organization\"],\"@id\":\"https:\\\/\\\/www.wachterkriszti.hu\\\/#\\\/schema\\\/person\\\/d94e72fdc9219942194ff84cc7ca2b96\",\"name\":\"W\u00e4chter Krisztina\",\"image\":{\"@type\":\"ImageObject\",\"inLanguage\":\"de\",\"@id\":\"https:\\\/\\\/www.wachterkriszti.hu\\\/wp-content\\\/uploads\\\/2022\\\/05\\\/cropped-cropped-logo_fekvo_1.png\",\"url\":\"https:\\\/\\\/www.wachterkriszti.hu\\\/wp-content\\\/uploads\\\/2022\\\/05\\\/cropped-cropped-logo_fekvo_1.png\",\"contentUrl\":\"https:\\\/\\\/www.wachterkriszti.hu\\\/wp-content\\\/uploads\\\/2022\\\/05\\\/cropped-cropped-logo_fekvo_1.png\",\"width\":512,\"height\":512,\"caption\":\"W\u00e4chter Krisztina\"},\"logo\":{\"@id\":\"https:\\\/\\\/www.wachterkriszti.hu\\\/wp-content\\\/uploads\\\/2022\\\/05\\\/cropped-cropped-logo_fekvo_1.png\"}}]}<\/script>\n<!-- \/ Yoast SEO Premium plugin. -->","yoast_head_json":{"title":"H\u00edrlev\u00e9l feliratkoz\u00e1s - W\u00e4chter Krisztina - sminktetov\u00e1l\u00f3","robots":{"index":"index","follow":"follow","max-snippet":"max-snippet:-1","max-image-preview":"max-image-preview:large","max-video-preview":"max-video-preview:-1"},"canonical":"https:\/\/www.wachterkriszti.hu\/de\/hirlevel-feliratkozas\/","og_locale":"de_DE","og_type":"article","og_title":"H\u00edrlev\u00e9l feliratkoz\u00e1s","og_url":"https:\/\/www.wachterkriszti.hu\/de\/hirlevel-feliratkozas\/","og_site_name":"W\u00e4chter Krisztina - sminktetov\u00e1l\u00f3","article_modified_time":"2022-11-08T08:41:44+00:00","twitter_card":"summary_large_image","twitter_misc":{"Gesch\u00e4tzte Lesezeit":"1\u00a0Minute"},"schema":{"@context":"https:\/\/schema.org","@graph":[{"@type":"WebPage","@id":"https:\/\/www.wachterkriszti.hu\/hirlevel-feliratkozas\/","url":"https:\/\/www.wachterkriszti.hu\/hirlevel-feliratkozas\/","name":"H\u00edrlev\u00e9l feliratkoz\u00e1s - W\u00e4chter Krisztina - sminktetov\u00e1l\u00f3","isPartOf":{"@id":"https:\/\/www.wachterkriszti.hu\/#website"},"datePublished":"2022-10-07T10:57:32+00:00","dateModified":"2022-11-08T08:41:44+00:00","breadcrumb":{"@id":"https:\/\/www.wachterkriszti.hu\/hirlevel-feliratkozas\/#breadcrumb"},"inLanguage":"de","potentialAction":[{"@type":"ReadAction","target":["https:\/\/www.wachterkriszti.hu\/hirlevel-feliratkozas\/"]}]},{"@type":"BreadcrumbList","@id":"https:\/\/www.wachterkriszti.hu\/hirlevel-feliratkozas\/#breadcrumb","itemListElement":[{"@type":"ListItem","position":1,"name":"Home","item":"https:\/\/www.wachterkriszti.hu\/"},{"@type":"ListItem","position":2,"name":"H\u00edrlev\u00e9l feliratkoz\u00e1s"}]},{"@type":"WebSite","@id":"https:\/\/www.wachterkriszti.hu\/#website","url":"https:\/\/www.wachterkriszti.hu\/","name":"Krisztina W\u00e4chter - Schminke Tattoo","description":"Professionelles Make-up-Tattoo in K\u0151szeg, von einem zertifizierten Make-up-T\u00e4towierer","publisher":{"@id":"https:\/\/www.wachterkriszti.hu\/#\/schema\/person\/d94e72fdc9219942194ff84cc7ca2b96"},"alternateName":"Sminktetov\u00e1l\u00e1s K\u0151szeg","potentialAction":[{"@type":"SearchAction","target":{"@type":"EntryPoint","urlTemplate":"https:\/\/www.wachterkriszti.hu\/?s={search_term_string}"},"query-input":{"@type":"PropertyValueSpecification","valueRequired":true,"valueName":"search_term_string"}}],"inLanguage":"de"},{"@type":["Person","Organization"],"@id":"https:\/\/www.wachterkriszti.hu\/#\/schema\/person\/d94e72fdc9219942194ff84cc7ca2b96","name":"Krisztina W\u00e4chter","image":{"@type":"ImageObject","inLanguage":"de","@id":"https:\/\/www.wachterkriszti.hu\/wp-content\/uploads\/2022\/05\/cropped-cropped-logo_fekvo_1.png","url":"https:\/\/www.wachterkriszti.hu\/wp-content\/uploads\/2022\/05\/cropped-cropped-logo_fekvo_1.png","contentUrl":"https:\/\/www.wachterkriszti.hu\/wp-content\/uploads\/2022\/05\/cropped-cropped-logo_fekvo_1.png","width":512,"height":512,"caption":"W\u00e4chter Krisztina"},"logo":{"@id":"https:\/\/www.wachterkriszti.hu\/wp-content\/uploads\/2022\/05\/cropped-cropped-logo_fekvo_1.png"}}]}},"_links":{"self":[{"href":"https:\/\/www.wachterkriszti.hu\/de\/wp-json\/wp\/v2\/pages\/1779","targetHints":{"allow":["GET"]}}],"collection":[{"href":"https:\/\/www.wachterkriszti.hu\/de\/wp-json\/wp\/v2\/pages"}],"about":[{"href":"https:\/\/www.wachterkriszti.hu\/de\/wp-json\/wp\/v2\/types\/page"}],"author":[{"embeddable":true,"href":"https:\/\/www.wachterkriszti.hu\/de\/wp-json\/wp\/v2\/users\/2"}],"replies":[{"embeddable":true,"href":"https:\/\/www.wachterkriszti.hu\/de\/wp-json\/wp\/v2\/comments?post=1779"}],"version-history":[{"count":21,"href":"https:\/\/www.wachterkriszti.hu\/de\/wp-json\/wp\/v2\/pages\/1779\/revisions"}],"predecessor-version":[{"id":1930,"href":"https:\/\/www.wachterkriszti.hu\/de\/wp-json\/wp\/v2\/pages\/1779\/revisions\/1930"}],"wp:attachment":[{"href":"https:\/\/www.wachterkriszti.hu\/de\/wp-json\/wp\/v2\/media?parent=1779"}],"curies":[{"name":"wp","href":"https:\/\/api.w.org\/{rel}","templated":true}]}}