{"id":1125,"date":"2022-05-18T10:32:30","date_gmt":"2022-05-18T08:32:30","guid":{"rendered":"https:\/\/www.wachterkriszti.hu\/?page_id=1125"},"modified":"2022-07-22T10:39:02","modified_gmt":"2022-07-22T08:39:02","slug":"das-muessen-sie-noch-wissen","status":"publish","type":"page","link":"https:\/\/www.wachterkriszti.hu\/de\/das-muessen-sie-noch-wissen\/","title":{"rendered":"Was Sie sonst noch wissen sollten"},"content":{"rendered":"<div data-elementor-type=\"wp-page\" data-elementor-id=\"1125\" class=\"elementor elementor-1125\" data-elementor-post-type=\"page\">\n\t\t\t\t\t\t<section class=\"elementor-section elementor-top-section elementor-element elementor-element-9c22786 elementor-section-boxed elementor-section-height-default elementor-section-height-default\" data-id=\"9c22786\" data-element_type=\"section\" data-e-type=\"section\" data-settings=\"{&quot;background_background&quot;:&quot;classic&quot;,&quot;jet_parallax_layout_list&quot;:[]}\">\n\t\t\t\t\t\t<div class=\"elementor-container elementor-column-gap-default\">\n\t\t\t\t\t<div class=\"elementor-column elementor-col-100 elementor-top-column elementor-element elementor-element-45d1f8c\" data-id=\"45d1f8c\" data-element_type=\"column\" data-e-type=\"column\" data-settings=\"{&quot;background_background&quot;:&quot;classic&quot;}\">\n\t\t\t<div class=\"elementor-widget-wrap elementor-element-populated\">\n\t\t\t\t\t\t<div class=\"elementor-element elementor-element-acc5f40 elementor-widget elementor-widget-heading\" data-id=\"acc5f40\" data-element_type=\"widget\" data-e-type=\"widget\" data-widget_type=\"heading.default\">\n\t\t\t\t<div class=\"elementor-widget-container\">\n\t\t\t\t\t<h2 class=\"elementor-heading-title elementor-size-default\">Was Sie sonst noch wissen sollten<\/h2>\t\t\t\t<\/div>\n\t\t\t\t<\/div>\n\t\t\t\t\t<\/div>\n\t\t<\/div>\n\t\t\t\t\t<\/div>\n\t\t<\/section>\n\t\t\t\t<section class=\"elementor-section elementor-top-section elementor-element elementor-element-e600e24 elementor-section-boxed elementor-section-height-default elementor-section-height-default\" data-id=\"e600e24\" data-element_type=\"section\" data-e-type=\"section\" data-settings=\"{&quot;jet_parallax_layout_list&quot;:[]}\">\n\t\t\t\t\t\t<div class=\"elementor-container elementor-column-gap-default\">\n\t\t\t\t\t<div class=\"elementor-column elementor-col-100 elementor-top-column elementor-element elementor-element-27aa31c\" data-id=\"27aa31c\" data-element_type=\"column\" data-e-type=\"column\">\n\t\t\t<div class=\"elementor-widget-wrap elementor-element-populated\">\n\t\t\t\t\t\t<div class=\"elementor-element elementor-element-6c1270c elementor-widget elementor-widget-text-editor\" data-id=\"6c1270c\" data-element_type=\"widget\" data-e-type=\"widget\" data-widget_type=\"text-editor.default\">\n\t\t\t\t<div class=\"elementor-widget-container\">\n\t\t\t\t\t\t\t\t\t<div class=\"b b-text cf\"><div class=\"b-c b-text-c b-s b-s-t60 b-s-b60 b-cs cf\"><p>Die\u00a0<strong>Dauerhaftigkeit<\/strong>\u00a0einer modernen Dermapigmentierung \/ Permanent Make-up h\u00e4ngt von mehreren Faktoren ab:<\/p><ul><li><p>Alter<\/p><\/li><li><p>individueller Stoffwechsel<\/p><\/li><li><p>K\u00f6rperzone<\/p><\/li><li><p>Hauttyp<\/p><\/li><li><p>Farbauswahl\/ Farbintensit\u00e4t<\/p><\/li><li><p>Lebensstil<\/p><\/li><li><p>UV-Bestrahlung<\/p><\/li><\/ul><p>In der Regel wird eine Farbauffrischung bei Augenbrauenzeichnungen nach 1-3 Jahren und bei Lidstrichen und Lippenkonturen nach 2-5 Jahren empfohlen.\u00a0<\/p><\/div><\/div><div class=\"b b-text cf\"><div class=\"b-c b-text-c b-s b-s-t60 b-s-b60 b-cs cf\"><p><span class=\"wnd-font-size-130\"><strong>Risiken und Nebenwirkungen<\/strong>:\u00a0<\/span><\/p><h3><span class=\"wnd-font-size-80\">W\u00e4hrend und nach der Permanent-Make-up-Behandlung kann es manchmal zu einer leichten Schwellung oder R\u00f6tung der behandelten Hautpartie, einem Spannungsgef\u00fchl und kleinen blauen Flecken kommen, die jedoch nach einigen Stunden verschwinden.<\/span><\/h3><p>Kontraindikationen f\u00fcr Permanent Make-up:<\/p><ul><li style=\"list-style-type: none;\"><ul><li>Diabetes mellitus, HIV, Hepatitis.<\/li><li>Schwangerschaft und Stillen.<\/li><li>Chronische Krankheiten (akute Phase).<\/li><li>Eine Neigung zu hypertrophen Narben oder Keloiden.<\/li><li>Epilepsie.<\/li><li>Schwere Entz\u00fcndungen der Haut um den zu behandelnden Bereich herum.<\/li><li>Marcumar, Aspirin und andere blutverd\u00fcnnende Medikamente m\u00fcssen rechtzeitig vor Beginn der Behandlung abgesetzt werden.<\/li><li>Neigung zu Allergien: Wichtige Allergietests werden empfohlen!<\/li><\/ul><\/li><li style=\"list-style-type: none;\"><ul><li>Herpes simplex (akute Phase): Vor der Lippen-Dermopigmentierung wird eine wichtige Herpes-Prophylaxe empfohlen!<\/li><\/ul><\/li><\/ul><\/div><\/div><div class=\"b b-text cf\"><div class=\"b-c b-text-c b-s b-s-t60 b-s-b60 b-cs cf\"><p><strong><span class=\"wnd-font-size-130\">Nach der Behandlung mit Permanent Make-up:<\/span><\/strong><\/p><h3><span class=\"wnd-font-size-80\">Die Heilungszeit betr\u00e4gt etwa 1 Woche.<\/span><\/h3><p>Tragen Sie w\u00e4hrend des Heilungsprozesses kein Make-up auf die Wunde auf.<\/p><ul><li>Entfernen Sie die entstandene Pigmentkruste nicht.<\/li><li>Vermeiden Sie kosmetische Behandlungen in 2 Wochen<\/li><li>Vermeiden Sie in den n\u00e4chsten 2 Wochen auch Schwimmbad, Sauna oder Dampfbad.<\/li><li>Gehen Sie 2 Wochen lang nicht in die Sonne oder ins Solarium (auch nicht mit Sonnenschutzmittel). Gehen Sie danach nur mit Sonnenschutzmittel in die Sonne.<\/li><li><strong>Wichtig\u00a0<\/strong>Das endg\u00fcltige Farbergebnis stellt sich fr\u00fchestens 4-6 Wochen nach der Permanent-Make-up-Behandlung ein.<\/li><\/ul><\/div><\/div>\t\t\t\t\t\t\t\t<\/div>\n\t\t\t\t<\/div>\n\t\t\t\t<div class=\"elementor-element elementor-element-73cab2d elementor-align-center elementor-widget elementor-widget-button\" data-id=\"73cab2d\" data-element_type=\"widget\" data-e-type=\"widget\" data-widget_type=\"button.default\">\n\t\t\t\t<div class=\"elementor-widget-container\">\n\t\t\t\t\t\t\t\t\t<div class=\"elementor-button-wrapper\">\n\t\t\t\t\t<a class=\"elementor-button elementor-button-link elementor-size-sm\" href=\"https:\/\/wachter-kriszti-sminktetovalas.salonic.hu\/\" target=\"_blank\">\n\t\t\t\t\t\t<span class=\"elementor-button-content-wrapper\">\n\t\t\t\t\t\t\t\t\t<span class=\"elementor-button-text\">DATUM<\/span>\n\t\t\t\t\t<\/span>\n\t\t\t\t\t<\/a>\n\t\t\t\t<\/div>\n\t\t\t\t\t\t\t\t<\/div>\n\t\t\t\t<\/div>\n\t\t\t\t\t<\/div>\n\t\t<\/div>\n\t\t\t\t\t<\/div>\n\t\t<\/section>\n\t\t\t\t<\/div>","protected":false},"excerpt":{"rendered":"<p>Die\u00a0Haltbarkeit\u00a0einer modernsten Dermapigmentation \/ Permanent Make Up h\u00e4ngt von verschiedenen Faktoren ab: Alter individueller Stoffwechsel K\u00f6rperzone Hauttyp Farbauswahl\/ Farbintensit\u00e4t Lebenswandel UV-Bestrahlung In der Regel ist eine Farbauffrischung nach 1-3 Jahren bei Augenbrauenzeichnung und nach 2-5 Jahren bei Lidstrichen und Lippenkonturen empfohlen.\u00a0 Risiken und Nebenwirkungen:\u00a0 Bei und nach der Permanent Make Up Behandlung kann es manchmal [&hellip;]<\/p>\n","protected":false},"author":2,"featured_media":0,"parent":0,"menu_order":0,"comment_status":"closed","ping_status":"closed","template":"elementor_header_footer","meta":{"footnotes":""},"class_list":["post-1125","page","type-page","status-publish","hentry"],"yoast_head":"<!-- This site is optimized with the Yoast SEO Premium plugin v27.4 (Yoast SEO v27.4) - https:\/\/yoast.com\/product\/yoast-seo-premium-wordpress\/ -->\n<title>Das m\u00fcssen Sie noch wissen - W\u00e4chter Krisztina - sminktetov\u00e1l\u00f3<\/title>\n<meta name=\"robots\" content=\"index, follow, max-snippet:-1, max-image-preview:large, max-video-preview:-1\" \/>\n<link rel=\"canonical\" href=\"https:\/\/www.wachterkriszti.hu\/de\/das-muessen-sie-noch-wissen\/\" \/>\n<meta property=\"og:locale\" content=\"de_DE\" \/>\n<meta property=\"og:type\" content=\"article\" \/>\n<meta property=\"og:title\" content=\"Das m\u00fcssen Sie noch wissen\" \/>\n<meta property=\"og:description\" content=\"Die\u00a0Haltbarkeit\u00a0einer modernsten Dermapigmentation \/ Permanent Make Up h\u00e4ngt von verschiedenen Faktoren ab: Alter individueller Stoffwechsel K\u00f6rperzone Hauttyp Farbauswahl\/ Farbintensit\u00e4t Lebenswandel UV-Bestrahlung In der Regel ist eine Farbauffrischung nach 1-3 Jahren bei Augenbrauenzeichnung und nach 2-5 Jahren bei Lidstrichen und Lippenkonturen empfohlen.\u00a0 Risiken und Nebenwirkungen:\u00a0 Bei und nach der Permanent Make Up Behandlung kann es manchmal [&hellip;]\" \/>\n<meta property=\"og:url\" content=\"https:\/\/www.wachterkriszti.hu\/de\/das-muessen-sie-noch-wissen\/\" \/>\n<meta property=\"og:site_name\" content=\"W\u00e4chter Krisztina - sminktetov\u00e1l\u00f3\" \/>\n<meta property=\"article:modified_time\" content=\"2022-07-22T08:39:02+00:00\" \/>\n<meta name=\"twitter:card\" content=\"summary_large_image\" \/>\n<meta name=\"twitter:label1\" content=\"Gesch\u00e4tzte Lesezeit\" \/>\n\t<meta name=\"twitter:data1\" content=\"1\u00a0Minute\" \/>\n<script type=\"application\/ld+json\" class=\"yoast-schema-graph\">{\"@context\":\"https:\\\/\\\/schema.org\",\"@graph\":[{\"@type\":\"WebPage\",\"@id\":\"https:\\\/\\\/www.wachterkriszti.hu\\\/de\\\/das-muessen-sie-noch-wissen\\\/\",\"url\":\"https:\\\/\\\/www.wachterkriszti.hu\\\/de\\\/das-muessen-sie-noch-wissen\\\/\",\"name\":\"Das m\u00fcssen Sie noch wissen - W\u00e4chter Krisztina - sminktetov\u00e1l\u00f3\",\"isPartOf\":{\"@id\":\"https:\\\/\\\/www.wachterkriszti.hu\\\/#website\"},\"datePublished\":\"2022-05-18T08:32:30+00:00\",\"dateModified\":\"2022-07-22T08:39:02+00:00\",\"breadcrumb\":{\"@id\":\"https:\\\/\\\/www.wachterkriszti.hu\\\/de\\\/das-muessen-sie-noch-wissen\\\/#breadcrumb\"},\"inLanguage\":\"de\",\"potentialAction\":[{\"@type\":\"ReadAction\",\"target\":[\"https:\\\/\\\/www.wachterkriszti.hu\\\/de\\\/das-muessen-sie-noch-wissen\\\/\"]}]},{\"@type\":\"BreadcrumbList\",\"@id\":\"https:\\\/\\\/www.wachterkriszti.hu\\\/de\\\/das-muessen-sie-noch-wissen\\\/#breadcrumb\",\"itemListElement\":[{\"@type\":\"ListItem\",\"position\":1,\"name\":\"Home\",\"item\":\"https:\\\/\\\/www.wachterkriszti.hu\\\/\"},{\"@type\":\"ListItem\",\"position\":2,\"name\":\"Das m\u00fcssen Sie noch wissen\"}]},{\"@type\":\"WebSite\",\"@id\":\"https:\\\/\\\/www.wachterkriszti.hu\\\/#website\",\"url\":\"https:\\\/\\\/www.wachterkriszti.hu\\\/\",\"name\":\"W\u00e4chter Krisztina - sminktetov\u00e1l\u00f3\",\"description\":\"Professzion\u00e1lis sminktetov\u00e1l\u00e1s K\u0151szegen, okleveles sminktetov\u00e1l\u00f3t\u00f3l\",\"publisher\":{\"@id\":\"https:\\\/\\\/www.wachterkriszti.hu\\\/#\\\/schema\\\/person\\\/d94e72fdc9219942194ff84cc7ca2b96\"},\"alternateName\":\"Sminktetov\u00e1l\u00e1s K\u0151szeg\",\"potentialAction\":[{\"@type\":\"SearchAction\",\"target\":{\"@type\":\"EntryPoint\",\"urlTemplate\":\"https:\\\/\\\/www.wachterkriszti.hu\\\/?s={search_term_string}\"},\"query-input\":{\"@type\":\"PropertyValueSpecification\",\"valueRequired\":true,\"valueName\":\"search_term_string\"}}],\"inLanguage\":\"de\"},{\"@type\":[\"Person\",\"Organization\"],\"@id\":\"https:\\\/\\\/www.wachterkriszti.hu\\\/#\\\/schema\\\/person\\\/d94e72fdc9219942194ff84cc7ca2b96\",\"name\":\"W\u00e4chter Krisztina\",\"image\":{\"@type\":\"ImageObject\",\"inLanguage\":\"de\",\"@id\":\"https:\\\/\\\/www.wachterkriszti.hu\\\/wp-content\\\/uploads\\\/2022\\\/05\\\/cropped-cropped-logo_fekvo_1.png\",\"url\":\"https:\\\/\\\/www.wachterkriszti.hu\\\/wp-content\\\/uploads\\\/2022\\\/05\\\/cropped-cropped-logo_fekvo_1.png\",\"contentUrl\":\"https:\\\/\\\/www.wachterkriszti.hu\\\/wp-content\\\/uploads\\\/2022\\\/05\\\/cropped-cropped-logo_fekvo_1.png\",\"width\":512,\"height\":512,\"caption\":\"W\u00e4chter Krisztina\"},\"logo\":{\"@id\":\"https:\\\/\\\/www.wachterkriszti.hu\\\/wp-content\\\/uploads\\\/2022\\\/05\\\/cropped-cropped-logo_fekvo_1.png\"}}]}<\/script>\n<!-- \/ Yoast SEO Premium plugin. -->","yoast_head_json":{"title":"Das m\u00fcssen Sie noch wissen - W\u00e4chter Krisztina - sminktetov\u00e1l\u00f3","robots":{"index":"index","follow":"follow","max-snippet":"max-snippet:-1","max-image-preview":"max-image-preview:large","max-video-preview":"max-video-preview:-1"},"canonical":"https:\/\/www.wachterkriszti.hu\/de\/das-muessen-sie-noch-wissen\/","og_locale":"de_DE","og_type":"article","og_title":"Das m\u00fcssen Sie noch wissen","og_description":"Die\u00a0Haltbarkeit\u00a0einer modernsten Dermapigmentation \/ Permanent Make Up h\u00e4ngt von verschiedenen Faktoren ab: Alter individueller Stoffwechsel K\u00f6rperzone Hauttyp Farbauswahl\/ Farbintensit\u00e4t Lebenswandel UV-Bestrahlung In der Regel ist eine Farbauffrischung nach 1-3 Jahren bei Augenbrauenzeichnung und nach 2-5 Jahren bei Lidstrichen und Lippenkonturen empfohlen.\u00a0 Risiken und Nebenwirkungen:\u00a0 Bei und nach der Permanent Make Up Behandlung kann es manchmal [&hellip;]","og_url":"https:\/\/www.wachterkriszti.hu\/de\/das-muessen-sie-noch-wissen\/","og_site_name":"W\u00e4chter Krisztina - sminktetov\u00e1l\u00f3","article_modified_time":"2022-07-22T08:39:02+00:00","twitter_card":"summary_large_image","twitter_misc":{"Gesch\u00e4tzte Lesezeit":"1\u00a0Minute"},"schema":{"@context":"https:\/\/schema.org","@graph":[{"@type":"WebPage","@id":"https:\/\/www.wachterkriszti.hu\/de\/das-muessen-sie-noch-wissen\/","url":"https:\/\/www.wachterkriszti.hu\/de\/das-muessen-sie-noch-wissen\/","name":"Das m\u00fcssen Sie noch wissen - W\u00e4chter Krisztina - sminktetov\u00e1l\u00f3","isPartOf":{"@id":"https:\/\/www.wachterkriszti.hu\/#website"},"datePublished":"2022-05-18T08:32:30+00:00","dateModified":"2022-07-22T08:39:02+00:00","breadcrumb":{"@id":"https:\/\/www.wachterkriszti.hu\/de\/das-muessen-sie-noch-wissen\/#breadcrumb"},"inLanguage":"de","potentialAction":[{"@type":"ReadAction","target":["https:\/\/www.wachterkriszti.hu\/de\/das-muessen-sie-noch-wissen\/"]}]},{"@type":"BreadcrumbList","@id":"https:\/\/www.wachterkriszti.hu\/de\/das-muessen-sie-noch-wissen\/#breadcrumb","itemListElement":[{"@type":"ListItem","position":1,"name":"Home","item":"https:\/\/www.wachterkriszti.hu\/"},{"@type":"ListItem","position":2,"name":"Das m\u00fcssen Sie noch wissen"}]},{"@type":"WebSite","@id":"https:\/\/www.wachterkriszti.hu\/#website","url":"https:\/\/www.wachterkriszti.hu\/","name":"Krisztina W\u00e4chter - Schminke Tattoo","description":"Professionelles Make-up-Tattoo in K\u0151szeg, von einem zertifizierten Make-up-T\u00e4towierer","publisher":{"@id":"https:\/\/www.wachterkriszti.hu\/#\/schema\/person\/d94e72fdc9219942194ff84cc7ca2b96"},"alternateName":"Sminktetov\u00e1l\u00e1s K\u0151szeg","potentialAction":[{"@type":"SearchAction","target":{"@type":"EntryPoint","urlTemplate":"https:\/\/www.wachterkriszti.hu\/?s={search_term_string}"},"query-input":{"@type":"PropertyValueSpecification","valueRequired":true,"valueName":"search_term_string"}}],"inLanguage":"de"},{"@type":["Person","Organization"],"@id":"https:\/\/www.wachterkriszti.hu\/#\/schema\/person\/d94e72fdc9219942194ff84cc7ca2b96","name":"Krisztina W\u00e4chter","image":{"@type":"ImageObject","inLanguage":"de","@id":"https:\/\/www.wachterkriszti.hu\/wp-content\/uploads\/2022\/05\/cropped-cropped-logo_fekvo_1.png","url":"https:\/\/www.wachterkriszti.hu\/wp-content\/uploads\/2022\/05\/cropped-cropped-logo_fekvo_1.png","contentUrl":"https:\/\/www.wachterkriszti.hu\/wp-content\/uploads\/2022\/05\/cropped-cropped-logo_fekvo_1.png","width":512,"height":512,"caption":"W\u00e4chter Krisztina"},"logo":{"@id":"https:\/\/www.wachterkriszti.hu\/wp-content\/uploads\/2022\/05\/cropped-cropped-logo_fekvo_1.png"}}]}},"_links":{"self":[{"href":"https:\/\/www.wachterkriszti.hu\/de\/wp-json\/wp\/v2\/pages\/1125","targetHints":{"allow":["GET"]}}],"collection":[{"href":"https:\/\/www.wachterkriszti.hu\/de\/wp-json\/wp\/v2\/pages"}],"about":[{"href":"https:\/\/www.wachterkriszti.hu\/de\/wp-json\/wp\/v2\/types\/page"}],"author":[{"embeddable":true,"href":"https:\/\/www.wachterkriszti.hu\/de\/wp-json\/wp\/v2\/users\/2"}],"replies":[{"embeddable":true,"href":"https:\/\/www.wachterkriszti.hu\/de\/wp-json\/wp\/v2\/comments?post=1125"}],"version-history":[{"count":13,"href":"https:\/\/www.wachterkriszti.hu\/de\/wp-json\/wp\/v2\/pages\/1125\/revisions"}],"predecessor-version":[{"id":1690,"href":"https:\/\/www.wachterkriszti.hu\/de\/wp-json\/wp\/v2\/pages\/1125\/revisions\/1690"}],"wp:attachment":[{"href":"https:\/\/www.wachterkriszti.hu\/de\/wp-json\/wp\/v2\/media?parent=1125"}],"curies":[{"name":"wp","href":"https:\/\/api.w.org\/{rel}","templated":true}]}}